{"id":8604,"date":"2022-11-04T19:47:55","date_gmt":"2022-11-04T19:47:55","guid":{"rendered":"https:\/\/cetcreation.com\/betonbarrette\/?page_id=8604"},"modified":"2023-01-12T17:23:38","modified_gmt":"2023-01-12T17:23:38","slug":"calculateur","status":"publish","type":"page","link":"https:\/\/cetcreation.com\/betonbarrette\/beton\/calculateur\/","title":{"rendered":"Calculateur de b\u00e9ton"},"content":{"rendered":"<p>La calculatrice de volume ne doit \u00eatre utilis\u00e9e qu&rsquo;\u00e0 titre indicatif*<br \/>\n<div class=\"forminator-ui forminator-custom-form forminator-custom-form-8612 forminator-design--material forminator-custom forminator_ajax\" data-forminator-render=\"0\" data-form=\"forminator-module-8612\" data-uid=\"69d91ca084257\"><br\/><\/div><form\n\t\t\t\tid=\"forminator-module-8612\"\n\t\t\t\tclass=\"forminator-ui forminator-custom-form forminator-custom-form-8612 forminator-design--material forminator-custom forminator_ajax\"\n\t\t\t\tmethod=\"post\"\n\t\t\t\tdata-forminator-render=\"0\"\n\t\t\t\tdata-form-id=\"8612\"\n\t\t\t\t\n\t\t\t\tdata-design=\"material\"\n\t\t\t\t\n\t\t\t\t\n\t\t\t\t\n\t\t\t\tdata-grid=\"custom\"\n\t\t\t\t\n\t\t\t\t\n\t\t\t\tstyle=\"display: none;\"\n\t\t\t\t\n\t\t\t\tdata-uid=\"69d91ca084257\"\n\t\t\t><div class=\"forminator-response-message forminator-error\" aria-hidden=\"true\"><\/div><div class=\"forminator-row\"><div id=\"section-1\" class=\"forminator-col forminator-col-12 \"><div class=\"forminator-field\"><h2 class=\"forminator-title\">Calculatrice m\u00e9trique<\/h2><\/div><\/div><\/div><div class=\"forminator-row\"><div id=\"number-1\" class=\"forminator-col forminator-col-3 \"><div class=\"forminator-field\"><label for=\"forminator-field-number-1_69d91ca084257\" class=\"forminator-label\">Longueur<\/label><input name=\"number-1\" value=\"\" placeholder=\"Ex: 120\" id=\"forminator-field-number-1_69d91ca084257\" class=\"forminator-input forminator-number--field\" inputmode=\"decimal\" data-required=\"\" data-decimals=\"2\" aria-required=\"false\" data-inputmask=\"&#039;groupSeparator&#039;: &#039;&#039;, &#039;radixPoint&#039;: &#039;.&#039;, &#039;digits&#039;: &#039;2&#039;\" type=\"number\" step=\"any\" min=\"1\" max=\"999\" \/><span class=\"forminator-description\" aria-describedby=\"forminator-field-number-1_69d91ca084257\">M\u00e8tres<\/span><\/div><\/div><div id=\"number-2\" class=\"forminator-col forminator-col-3 \"><div class=\"forminator-field\"><label for=\"forminator-field-number-2_69d91ca084257\" class=\"forminator-label\">Largeur<\/label><input name=\"number-2\" value=\"\" placeholder=\"Ex: 150\" id=\"forminator-field-number-2_69d91ca084257\" class=\"forminator-input forminator-number--field\" inputmode=\"decimal\" data-required=\"\" data-decimals=\"2\" aria-required=\"false\" data-inputmask=\"&#039;groupSeparator&#039;: &#039;&#039;, &#039;radixPoint&#039;: &#039;.&#039;, &#039;digits&#039;: &#039;2&#039;\" type=\"number\" step=\"any\" min=\"1\" max=\"150\" \/><span class=\"forminator-description\" aria-describedby=\"forminator-field-number-2_69d91ca084257\">M\u00e8tres<\/span><\/div><\/div><div id=\"number-3\" class=\"forminator-col forminator-col-3 \"><div class=\"forminator-field\"><label for=\"forminator-field-number-3_69d91ca084257\" class=\"forminator-label\">\u00c9paisseur<\/label><input name=\"number-3\" value=\"\" placeholder=\"Ex: 150\" id=\"forminator-field-number-3_69d91ca084257\" class=\"forminator-input forminator-number--field\" inputmode=\"decimal\" data-required=\"\" data-decimals=\"2\" aria-required=\"false\" data-inputmask=\"&#039;groupSeparator&#039;: &#039;&#039;, &#039;radixPoint&#039;: &#039;.&#039;, &#039;digits&#039;: &#039;2&#039;\" type=\"number\" step=\"any\" min=\"1\" max=\"150\" \/><span class=\"forminator-description\" aria-describedby=\"forminator-field-number-3_69d91ca084257\">Centim\u00e8tres<\/span><\/div><\/div><div id=\"calculation-1\" class=\"forminator-col forminator-col-3 \"><div class=\"forminator-field\"><label for=\"calculation-1-field_69d91ca084257\" class=\"forminator-label\">Total<\/label><input name=\"calculation-1\" value=\"\" id=\"calculation-1-field_69d91ca084257\" class=\"forminator-calculation forminator-input\" data-formula=\"{number-1} * {number-2} * ( {number-3} \/ 100 )\" data-required=\"\" data-decimal-point=\".\" data-precision=\"4\" data-is-hidden=\"\" disabled=\"disabled\" data-decimals=\"4\" data-inputmask=\"&#039;groupSeparator&#039;: &#039;&#039;, &#039;radixPoint&#039;: &#039;.&#039;, &#039;digits&#039;: &#039;4&#039;\" \/><\/div><\/div><\/div><div class=\"forminator-row\"><div id=\"section-2\" class=\"forminator-col forminator-col-12 \"><div class=\"forminator-field\"><h2 class=\"forminator-title\">Calculatrice imp\u00e9riale<\/h2><\/div><\/div><\/div><div class=\"forminator-row\"><div id=\"number-10\" class=\"forminator-col forminator-col-3 \"><div class=\"forminator-field\"><label for=\"forminator-field-number-10_69d91ca084257\" class=\"forminator-label\">Longueur<\/label><input name=\"number-10\" value=\"\" placeholder=\"Ex: 120\" id=\"forminator-field-number-10_69d91ca084257\" class=\"forminator-input forminator-number--field\" inputmode=\"decimal\" data-required=\"\" data-decimals=\"2\" aria-required=\"false\" data-inputmask=\"&#039;groupSeparator&#039;: &#039;&#039;, &#039;radixPoint&#039;: &#039;.&#039;, &#039;digits&#039;: &#039;2&#039;\" type=\"number\" step=\"any\" min=\"1\" max=\"999\" \/><span class=\"forminator-description\" aria-describedby=\"forminator-field-number-10_69d91ca084257\">M\u00e8tres<\/span><\/div><\/div><div id=\"number-11\" class=\"forminator-col forminator-col-3 \"><div class=\"forminator-field\"><label for=\"forminator-field-number-11_69d91ca084257\" class=\"forminator-label\">Largeur<\/label><input name=\"number-11\" value=\"\" placeholder=\"Ex: 150\" id=\"forminator-field-number-11_69d91ca084257\" class=\"forminator-input forminator-number--field\" inputmode=\"decimal\" data-required=\"\" data-decimals=\"2\" aria-required=\"false\" data-inputmask=\"&#039;groupSeparator&#039;: &#039;&#039;, &#039;radixPoint&#039;: &#039;.&#039;, &#039;digits&#039;: &#039;2&#039;\" type=\"number\" step=\"any\" min=\"1\" max=\"150\" \/><span class=\"forminator-description\" aria-describedby=\"forminator-field-number-11_69d91ca084257\">M\u00e8tres<\/span><\/div><\/div><div id=\"number-12\" class=\"forminator-col forminator-col-3 \"><div class=\"forminator-field\"><label for=\"forminator-field-number-12_69d91ca084257\" class=\"forminator-label\">\u00c9paisseur<\/label><input name=\"number-12\" value=\"\" placeholder=\"Ex: 150\" id=\"forminator-field-number-12_69d91ca084257\" class=\"forminator-input forminator-number--field\" inputmode=\"decimal\" data-required=\"\" data-decimals=\"2\" aria-required=\"false\" data-inputmask=\"&#039;groupSeparator&#039;: &#039;&#039;, &#039;radixPoint&#039;: &#039;.&#039;, &#039;digits&#039;: &#039;2&#039;\" type=\"number\" step=\"any\" min=\"1\" max=\"150\" \/><span class=\"forminator-description\" aria-describedby=\"forminator-field-number-12_69d91ca084257\">Centim\u00e8tres<\/span><\/div><\/div><div id=\"calculation-5\" class=\"forminator-col forminator-col-3 \"><div class=\"forminator-field\"><label for=\"calculation-5-field_69d91ca084257\" class=\"forminator-label\">Total<\/label><input name=\"calculation-5\" value=\"\" id=\"calculation-5-field_69d91ca084257\" class=\"forminator-calculation forminator-input\" data-formula=\"({number-10}\/3.28) * ({number-11}\/3.28) * ( {number-12} *0.0254 )\" data-required=\"\" data-decimal-point=\".\" data-precision=\"4\" data-is-hidden=\"\" disabled=\"disabled\" data-decimals=\"4\" data-inputmask=\"&#039;groupSeparator&#039;: &#039;&#039;, &#039;radixPoint&#039;: &#039;.&#039;, &#039;digits&#039;: &#039;4&#039;\" \/><\/div><\/div><\/div><input type=\"hidden\" name=\"referer_url\" value=\"\" \/><div class=\"forminator-row forminator-row-last\"><div class=\"forminator-col\"><div class=\"forminator-field\"><button class=\"forminator-button forminator-button-submit\"><span>Send Message<\/span><span aria-hidden=\"true\"><\/span><\/button><\/div><\/div><\/div><input type=\"hidden\" id=\"forminator_nonce\" name=\"forminator_nonce\" value=\"4f22698476\" \/><input type=\"hidden\" name=\"_wp_http_referer\" value=\"\/betonbarrette\/wp-json\/wp\/v2\/pages\/8604\" \/><input type=\"hidden\" name=\"form_id\" value=\"8612\"><input type=\"hidden\" name=\"page_id\" value=\"8604\"><input type=\"hidden\" name=\"form_type\" value=\"default\"><input type=\"hidden\" name=\"current_url\" value=\"https:\/\/cetcreation.com\/betonbarrette\/beton\/calculateur\/\"><input type=\"hidden\" name=\"render_id\" value=\"0\"><input type=\"hidden\" name=\"action\" value=\"forminator_submit_form_custom-forms\"><\/form><\/p>\n","protected":false},"excerpt":{"rendered":"<p>La calculatrice de volume ne doit \u00eatre utilis\u00e9e qu&rsquo;\u00e0 titre indicatif*<\/p>\n","protected":false},"author":2,"featured_media":0,"parent":8350,"menu_order":0,"comment_status":"closed","ping_status":"closed","template":"","meta":{"footnotes":""},"class_list":["post-8604","page","type-page","status-publish","hentry"],"yoast_head":"<!-- This site is optimized with the Yoast SEO plugin v19.7.1 - https:\/\/yoast.com\/wordpress\/plugins\/seo\/ -->\n<title>Calculateur de b\u00e9ton - B\u00e9ton Barrette<\/title>\n<meta name=\"robots\" content=\"index, follow, max-snippet:-1, max-image-preview:large, max-video-preview:-1\" \/>\n<link rel=\"canonical\" href=\"https:\/\/cetcreation.com\/betonbarrette\/beton\/calculateur\/\" \/>\n<meta property=\"og:locale\" content=\"fr_FR\" \/>\n<meta property=\"og:type\" content=\"article\" \/>\n<meta property=\"og:title\" content=\"Calculateur de b\u00e9ton - B\u00e9ton Barrette\" \/>\n<meta property=\"og:description\" content=\"La calculatrice de volume ne doit \u00eatre utilis\u00e9e qu&rsquo;\u00e0 titre indicatif*\" \/>\n<meta property=\"og:url\" content=\"https:\/\/cetcreation.com\/betonbarrette\/beton\/calculateur\/\" \/>\n<meta property=\"og:site_name\" content=\"B\u00e9ton Barrette\" \/>\n<meta property=\"article:publisher\" content=\"https:\/\/www.facebook.com\/betonbarrette\/\" \/>\n<meta property=\"article:modified_time\" content=\"2023-01-12T17:23:38+00:00\" \/>\n<meta name=\"twitter:card\" content=\"summary_large_image\" \/>\n<meta name=\"twitter:label1\" content=\"Dur\u00e9e de lecture estim\u00e9e\" \/>\n\t<meta name=\"twitter:data1\" content=\"1 minute\" \/>\n<script type=\"application\/ld+json\" class=\"yoast-schema-graph\">{\"@context\":\"https:\/\/schema.org\",\"@graph\":[{\"@type\":\"WebPage\",\"@id\":\"https:\/\/cetcreation.com\/betonbarrette\/beton\/calculateur\/\",\"url\":\"https:\/\/cetcreation.com\/betonbarrette\/beton\/calculateur\/\",\"name\":\"Calculateur de b\u00e9ton - B\u00e9ton Barrette\",\"isPartOf\":{\"@id\":\"https:\/\/cetcreation.com\/betonbarrette\/#website\"},\"datePublished\":\"2022-11-04T19:47:55+00:00\",\"dateModified\":\"2023-01-12T17:23:38+00:00\",\"breadcrumb\":{\"@id\":\"https:\/\/cetcreation.com\/betonbarrette\/beton\/calculateur\/#breadcrumb\"},\"inLanguage\":\"fr-FR\",\"potentialAction\":[{\"@type\":\"ReadAction\",\"target\":[\"https:\/\/cetcreation.com\/betonbarrette\/beton\/calculateur\/\"]}]},{\"@type\":\"BreadcrumbList\",\"@id\":\"https:\/\/cetcreation.com\/betonbarrette\/beton\/calculateur\/#breadcrumb\",\"itemListElement\":[{\"@type\":\"ListItem\",\"position\":1,\"name\":\"Accueil\",\"item\":\"https:\/\/cetcreation.com\/betonbarrette\/\"},{\"@type\":\"ListItem\",\"position\":2,\"name\":\"Services de b\u00e9ton\",\"item\":\"https:\/\/cetcreation.com\/betonbarrette\/beton\/\"},{\"@type\":\"ListItem\",\"position\":3,\"name\":\"Calculateur de b\u00e9ton\"}]},{\"@type\":\"WebSite\",\"@id\":\"https:\/\/cetcreation.com\/betonbarrette\/#website\",\"url\":\"https:\/\/cetcreation.com\/betonbarrette\/\",\"name\":\"B\u00e9ton Barrette\",\"description\":\"B&eacute;ton, concassage et op&eacute;rations locales\",\"publisher\":{\"@id\":\"https:\/\/cetcreation.com\/betonbarrette\/#organization\"},\"potentialAction\":[{\"@type\":\"SearchAction\",\"target\":{\"@type\":\"EntryPoint\",\"urlTemplate\":\"https:\/\/cetcreation.com\/betonbarrette\/?s={search_term_string}\"},\"query-input\":\"required name=search_term_string\"}],\"inLanguage\":\"fr-FR\"},{\"@type\":\"Organization\",\"@id\":\"https:\/\/cetcreation.com\/betonbarrette\/#organization\",\"name\":\"B\u00e9ton Barrette\",\"url\":\"https:\/\/cetcreation.com\/betonbarrette\/\",\"sameAs\":[\"https:\/\/www.linkedin.com\/company\/b-ton-barrette-inc-\/\",\"https:\/\/www.youtube.com\/channel\/UCfSOeP3Y9zyDZNckCRCCCEQ\",\"https:\/\/www.instagram.com\/betonbarrette_\/\",\"https:\/\/www.facebook.com\/betonbarrette\/\"],\"logo\":{\"@type\":\"ImageObject\",\"inLanguage\":\"fr-FR\",\"@id\":\"https:\/\/cetcreation.com\/betonbarrette\/#\/schema\/logo\/image\/\",\"url\":\"https:\/\/cetcreation.com\/betonbarrette\/wp-content\/uploads\/2022\/04\/BBLOGO2019-Web-Horizontal.png\",\"contentUrl\":\"https:\/\/cetcreation.com\/betonbarrette\/wp-content\/uploads\/2022\/04\/BBLOGO2019-Web-Horizontal.png\",\"width\":1132,\"height\":272,\"caption\":\"B\u00e9ton Barrette\"},\"image\":{\"@id\":\"https:\/\/cetcreation.com\/betonbarrette\/#\/schema\/logo\/image\/\"}}]}<\/script>\n<!-- \/ Yoast SEO plugin. -->","yoast_head_json":{"title":"Calculateur de b\u00e9ton - B\u00e9ton Barrette","robots":{"index":"index","follow":"follow","max-snippet":"max-snippet:-1","max-image-preview":"max-image-preview:large","max-video-preview":"max-video-preview:-1"},"canonical":"https:\/\/cetcreation.com\/betonbarrette\/beton\/calculateur\/","og_locale":"fr_FR","og_type":"article","og_title":"Calculateur de b\u00e9ton - B\u00e9ton Barrette","og_description":"La calculatrice de volume ne doit \u00eatre utilis\u00e9e qu&rsquo;\u00e0 titre indicatif*","og_url":"https:\/\/cetcreation.com\/betonbarrette\/beton\/calculateur\/","og_site_name":"B\u00e9ton Barrette","article_publisher":"https:\/\/www.facebook.com\/betonbarrette\/","article_modified_time":"2023-01-12T17:23:38+00:00","twitter_card":"summary_large_image","twitter_misc":{"Dur\u00e9e de lecture estim\u00e9e":"1 minute"},"schema":{"@context":"https:\/\/schema.org","@graph":[{"@type":"WebPage","@id":"https:\/\/cetcreation.com\/betonbarrette\/beton\/calculateur\/","url":"https:\/\/cetcreation.com\/betonbarrette\/beton\/calculateur\/","name":"Calculateur de b\u00e9ton - B\u00e9ton Barrette","isPartOf":{"@id":"https:\/\/cetcreation.com\/betonbarrette\/#website"},"datePublished":"2022-11-04T19:47:55+00:00","dateModified":"2023-01-12T17:23:38+00:00","breadcrumb":{"@id":"https:\/\/cetcreation.com\/betonbarrette\/beton\/calculateur\/#breadcrumb"},"inLanguage":"fr-FR","potentialAction":[{"@type":"ReadAction","target":["https:\/\/cetcreation.com\/betonbarrette\/beton\/calculateur\/"]}]},{"@type":"BreadcrumbList","@id":"https:\/\/cetcreation.com\/betonbarrette\/beton\/calculateur\/#breadcrumb","itemListElement":[{"@type":"ListItem","position":1,"name":"Accueil","item":"https:\/\/cetcreation.com\/betonbarrette\/"},{"@type":"ListItem","position":2,"name":"Services de b\u00e9ton","item":"https:\/\/cetcreation.com\/betonbarrette\/beton\/"},{"@type":"ListItem","position":3,"name":"Calculateur de b\u00e9ton"}]},{"@type":"WebSite","@id":"https:\/\/cetcreation.com\/betonbarrette\/#website","url":"https:\/\/cetcreation.com\/betonbarrette\/","name":"B\u00e9ton Barrette","description":"B&eacute;ton, concassage et op&eacute;rations locales","publisher":{"@id":"https:\/\/cetcreation.com\/betonbarrette\/#organization"},"potentialAction":[{"@type":"SearchAction","target":{"@type":"EntryPoint","urlTemplate":"https:\/\/cetcreation.com\/betonbarrette\/?s={search_term_string}"},"query-input":"required name=search_term_string"}],"inLanguage":"fr-FR"},{"@type":"Organization","@id":"https:\/\/cetcreation.com\/betonbarrette\/#organization","name":"B\u00e9ton Barrette","url":"https:\/\/cetcreation.com\/betonbarrette\/","sameAs":["https:\/\/www.linkedin.com\/company\/b-ton-barrette-inc-\/","https:\/\/www.youtube.com\/channel\/UCfSOeP3Y9zyDZNckCRCCCEQ","https:\/\/www.instagram.com\/betonbarrette_\/","https:\/\/www.facebook.com\/betonbarrette\/"],"logo":{"@type":"ImageObject","inLanguage":"fr-FR","@id":"https:\/\/cetcreation.com\/betonbarrette\/#\/schema\/logo\/image\/","url":"https:\/\/cetcreation.com\/betonbarrette\/wp-content\/uploads\/2022\/04\/BBLOGO2019-Web-Horizontal.png","contentUrl":"https:\/\/cetcreation.com\/betonbarrette\/wp-content\/uploads\/2022\/04\/BBLOGO2019-Web-Horizontal.png","width":1132,"height":272,"caption":"B\u00e9ton Barrette"},"image":{"@id":"https:\/\/cetcreation.com\/betonbarrette\/#\/schema\/logo\/image\/"}}]}},"_links":{"self":[{"href":"https:\/\/cetcreation.com\/betonbarrette\/wp-json\/wp\/v2\/pages\/8604","targetHints":{"allow":["GET"]}}],"collection":[{"href":"https:\/\/cetcreation.com\/betonbarrette\/wp-json\/wp\/v2\/pages"}],"about":[{"href":"https:\/\/cetcreation.com\/betonbarrette\/wp-json\/wp\/v2\/types\/page"}],"author":[{"embeddable":true,"href":"https:\/\/cetcreation.com\/betonbarrette\/wp-json\/wp\/v2\/users\/2"}],"replies":[{"embeddable":true,"href":"https:\/\/cetcreation.com\/betonbarrette\/wp-json\/wp\/v2\/comments?post=8604"}],"version-history":[{"count":9,"href":"https:\/\/cetcreation.com\/betonbarrette\/wp-json\/wp\/v2\/pages\/8604\/revisions"}],"predecessor-version":[{"id":8614,"href":"https:\/\/cetcreation.com\/betonbarrette\/wp-json\/wp\/v2\/pages\/8604\/revisions\/8614"}],"up":[{"embeddable":true,"href":"https:\/\/cetcreation.com\/betonbarrette\/wp-json\/wp\/v2\/pages\/8350"}],"wp:attachment":[{"href":"https:\/\/cetcreation.com\/betonbarrette\/wp-json\/wp\/v2\/media?parent=8604"}],"curies":[{"name":"wp","href":"https:\/\/api.w.org\/{rel}","templated":true}]}}